{"id":20552,"date":"2022-05-19T13:19:08","date_gmt":"2022-05-19T12:19:08","guid":{"rendered":"https:\/\/apadariaportuguesa.pt\/carreiras\/"},"modified":"2023-05-10T17:50:19","modified_gmt":"2023-05-10T16:50:19","slug":"careers","status":"publish","type":"page","link":"https:\/\/apadariaportuguesa.pt\/en\/careers\/","title":{"rendered":"Careers &#8211; A Padaria Portuguesa"},"content":{"rendered":"\n<h1 class=\"wp-block-heading\"><strong>One Bakery, hundreds of people connected to serve the customer well.<\/strong><\/h1>\n\n\n\n<p>The A Padaria Portuguesa family is organised into 4 areas, each with its own functions, but all interdependent. These are the Head Office in Lisbon, the Logistics Centre in Matinha, the Production Plant in Marvila and the 59 Stores throughout Greater Lisbon.<\/p>\n","protected":false},"excerpt":{"rendered":"<p>One Bakery, hundreds of people connected to serve the customer well. The A Padaria Portuguesa family is organised into 4 areas, each with its own functions, but all interdependent. These are the Head Office in Lisbon, the Logistics Centre in Matinha, the Production Plant in Marvila and the 59 Stores throughout Greater Lisbon.<\/p>\n","protected":false},"author":1,"featured_media":55460,"parent":0,"menu_order":0,"comment_status":"closed","ping_status":"closed","template":"templates\/carreiras.php","meta":{"_acf_changed":false,"footnotes":""},"class_list":["post-20552","page","type-page","status-publish","has-post-thumbnail","hentry"],"acf":[],"yoast_head":"<!-- This site is optimized with the Yoast SEO plugin v27.3 - https:\/\/yoast.com\/product\/yoast-seo-wordpress\/ -->\n<title>Careers- A Padaria Portuguesa<\/title>\n<meta name=\"description\" content=\"A grande fam\u00edlia d&#039;A Padaria Portuguesa est\u00e1 organizada em 4 fam\u00edlias mais pequenas, cada uma com as suas pr\u00f3prias fun\u00e7\u00f5es, mas todas interdependentes. S\u00e3o elas a Sede - na Rua Barata Salgueiro -, o Centro Log\u00edstico - na Matinha -, a F\u00e1brica - em Marvila -, e as Lojas - mais de 50 espalhadas pela grande Lisboa.\" \/>\n<meta name=\"robots\" content=\"index, follow, max-snippet:-1, max-image-preview:large, max-video-preview:-1\" \/>\n<link rel=\"canonical\" href=\"https:\/\/apadariaportuguesa.pt\/en\/careers\/\" \/>\n<meta property=\"og:locale\" content=\"en_US\" \/>\n<meta property=\"og:type\" content=\"article\" \/>\n<meta property=\"og:title\" content=\"- A Padaria Portuguesa\" \/>\n<meta property=\"og:description\" content=\"- A Padaria Portuguesa\" \/>\n<meta property=\"og:url\" content=\"https:\/\/apadariaportuguesa.pt\/en\/careers\/\" \/>\n<meta property=\"og:site_name\" content=\"A Padaria Portuguesa\" \/>\n<meta property=\"article:publisher\" content=\"https:\/\/www.facebook.com\/apadariaportuguesa\/\" \/>\n<meta property=\"article:modified_time\" content=\"2023-05-10T16:50:19+00:00\" \/>\n<meta property=\"og:image\" content=\"https:\/\/apadariaportuguesa.pt\/wp-content\/uploads\/2022\/05\/PadariaPortuguesaRitz0367.jpg\" \/>\n\t<meta property=\"og:image:width\" content=\"2048\" \/>\n\t<meta property=\"og:image:height\" content=\"1365\" \/>\n\t<meta property=\"og:image:type\" content=\"image\/jpeg\" \/>\n<meta name=\"twitter:card\" content=\"summary_large_image\" \/>\n<meta name=\"twitter:title\" content=\"Careers - A Padaria Portuguesa\" \/>\n<meta name=\"twitter:description\" content=\"A grande fam\u00edlia d&#039;A Padaria Portuguesa est\u00e1 organizada em 4 fam\u00edlias mais pequenas, cada uma com as suas pr\u00f3prias fun\u00e7\u00f5es, mas todas interdependentes. S\u00e3o elas a Sede - na Rua Barata Salgueiro -, o Centro Log\u00edstico - na Matinha -, a F\u00e1brica - em Marvila -, e as Lojas - mais de 50 espalhadas pela grande Lisboa.\" \/>\n<meta name=\"twitter:image\" content=\"https:\/\/apadariaportuguesa.pt\/wp-content\/uploads\/2022\/05\/PadariaPortuguesaRitz0367.jpg\" \/>\n<meta name=\"twitter:label1\" content=\"Est. reading time\" \/>\n\t<meta name=\"twitter:data1\" content=\"1 minute\" \/>\n<script type=\"application\/ld+json\" class=\"yoast-schema-graph\">{\"@context\":\"https:\\\/\\\/schema.org\",\"@graph\":[{\"@type\":\"WebPage\",\"@id\":\"https:\\\/\\\/apadariaportuguesa.pt\\\/en\\\/careers\\\/\",\"url\":\"https:\\\/\\\/apadariaportuguesa.pt\\\/en\\\/careers\\\/\",\"name\":\"Careers- A Padaria Portuguesa\",\"isPartOf\":{\"@id\":\"https:\\\/\\\/apadariaportuguesa.pt\\\/#website\"},\"primaryImageOfPage\":{\"@id\":\"https:\\\/\\\/apadariaportuguesa.pt\\\/en\\\/careers\\\/#primaryimage\"},\"image\":{\"@id\":\"https:\\\/\\\/apadariaportuguesa.pt\\\/en\\\/careers\\\/#primaryimage\"},\"thumbnailUrl\":\"https:\\\/\\\/apadariaportuguesa.pt\\\/wp-content\\\/uploads\\\/2025\\\/01\\\/banner_oportunidades.png\",\"datePublished\":\"2022-05-19T12:19:08+00:00\",\"dateModified\":\"2023-05-10T16:50:19+00:00\",\"description\":\"A grande fam\u00edlia d'A Padaria Portuguesa est\u00e1 organizada em 4 fam\u00edlias mais pequenas, cada uma com as suas pr\u00f3prias fun\u00e7\u00f5es, mas todas interdependentes. S\u00e3o elas a Sede - na Rua Barata Salgueiro -, o Centro Log\u00edstico - na Matinha -, a F\u00e1brica - em Marvila -, e as Lojas - mais de 50 espalhadas pela grande Lisboa.\",\"breadcrumb\":{\"@id\":\"https:\\\/\\\/apadariaportuguesa.pt\\\/en\\\/careers\\\/#breadcrumb\"},\"inLanguage\":\"en-US\",\"potentialAction\":[{\"@type\":\"ReadAction\",\"target\":[\"https:\\\/\\\/apadariaportuguesa.pt\\\/en\\\/careers\\\/\"]}]},{\"@type\":\"ImageObject\",\"inLanguage\":\"en-US\",\"@id\":\"https:\\\/\\\/apadariaportuguesa.pt\\\/en\\\/careers\\\/#primaryimage\",\"url\":\"https:\\\/\\\/apadariaportuguesa.pt\\\/wp-content\\\/uploads\\\/2025\\\/01\\\/banner_oportunidades.png\",\"contentUrl\":\"https:\\\/\\\/apadariaportuguesa.pt\\\/wp-content\\\/uploads\\\/2025\\\/01\\\/banner_oportunidades.png\",\"width\":2000,\"height\":725},{\"@type\":\"BreadcrumbList\",\"@id\":\"https:\\\/\\\/apadariaportuguesa.pt\\\/en\\\/careers\\\/#breadcrumb\",\"itemListElement\":[{\"@type\":\"ListItem\",\"position\":1,\"name\":\"Home\",\"item\":\"https:\\\/\\\/apadariaportuguesa.pt\\\/en\\\/\"},{\"@type\":\"ListItem\",\"position\":2,\"name\":\"Careers &#8211; A Padaria Portuguesa\"}]},{\"@type\":\"WebSite\",\"@id\":\"https:\\\/\\\/apadariaportuguesa.pt\\\/#website\",\"url\":\"https:\\\/\\\/apadariaportuguesa.pt\\\/\",\"name\":\"A Padaria Portuguesa\",\"description\":\"\",\"publisher\":{\"@id\":\"https:\\\/\\\/apadariaportuguesa.pt\\\/#organization\"},\"potentialAction\":[{\"@type\":\"SearchAction\",\"target\":{\"@type\":\"EntryPoint\",\"urlTemplate\":\"https:\\\/\\\/apadariaportuguesa.pt\\\/?s={search_term_string}\"},\"query-input\":{\"@type\":\"PropertyValueSpecification\",\"valueRequired\":true,\"valueName\":\"search_term_string\"}}],\"inLanguage\":\"en-US\"},{\"@type\":\"Organization\",\"@id\":\"https:\\\/\\\/apadariaportuguesa.pt\\\/#organization\",\"name\":\"A Padaria Portuguesa\",\"url\":\"https:\\\/\\\/apadariaportuguesa.pt\\\/\",\"logo\":{\"@type\":\"ImageObject\",\"inLanguage\":\"en-US\",\"@id\":\"https:\\\/\\\/apadariaportuguesa.pt\\\/#\\\/schema\\\/logo\\\/image\\\/\",\"url\":\"https:\\\/\\\/apadariaportuguesa.pt\\\/wp-content\\\/uploads\\\/2022\\\/05\\\/share.jpg\",\"contentUrl\":\"https:\\\/\\\/apadariaportuguesa.pt\\\/wp-content\\\/uploads\\\/2022\\\/05\\\/share.jpg\",\"width\":1200,\"height\":630,\"caption\":\"A Padaria Portuguesa\"},\"image\":{\"@id\":\"https:\\\/\\\/apadariaportuguesa.pt\\\/#\\\/schema\\\/logo\\\/image\\\/\"},\"sameAs\":[\"https:\\\/\\\/www.facebook.com\\\/apadariaportuguesa\\\/\",\"https:\\\/\\\/www.instagram.com\\\/apadariaportuguesa\\\/\",\"https:\\\/\\\/pt.linkedin.com\\\/company\\\/apadariaportuguesa\"]}]}<\/script>\n<!-- \/ Yoast SEO plugin. -->","yoast_head_json":{"title":"Careers- A Padaria Portuguesa","description":"A grande fam\u00edlia d'A Padaria Portuguesa est\u00e1 organizada em 4 fam\u00edlias mais pequenas, cada uma com as suas pr\u00f3prias fun\u00e7\u00f5es, mas todas interdependentes. S\u00e3o elas a Sede - na Rua Barata Salgueiro -, o Centro Log\u00edstico - na Matinha -, a F\u00e1brica - em Marvila -, e as Lojas - mais de 50 espalhadas pela grande Lisboa.","robots":{"index":"index","follow":"follow","max-snippet":"max-snippet:-1","max-image-preview":"max-image-preview:large","max-video-preview":"max-video-preview:-1"},"canonical":"https:\/\/apadariaportuguesa.pt\/en\/careers\/","og_locale":"en_US","og_type":"article","og_title":"- A Padaria Portuguesa","og_description":"- A Padaria Portuguesa","og_url":"https:\/\/apadariaportuguesa.pt\/en\/careers\/","og_site_name":"A Padaria Portuguesa","article_publisher":"https:\/\/www.facebook.com\/apadariaportuguesa\/","article_modified_time":"2023-05-10T16:50:19+00:00","og_image":[{"width":2048,"height":1365,"url":"https:\/\/apadariaportuguesa.pt\/wp-content\/uploads\/2022\/05\/PadariaPortuguesaRitz0367.jpg","type":"image\/jpeg"}],"twitter_card":"summary_large_image","twitter_title":"Careers - A Padaria Portuguesa","twitter_description":"A grande fam\u00edlia d'A Padaria Portuguesa est\u00e1 organizada em 4 fam\u00edlias mais pequenas, cada uma com as suas pr\u00f3prias fun\u00e7\u00f5es, mas todas interdependentes. S\u00e3o elas a Sede - na Rua Barata Salgueiro -, o Centro Log\u00edstico - na Matinha -, a F\u00e1brica - em Marvila -, e as Lojas - mais de 50 espalhadas pela grande Lisboa.","twitter_image":"https:\/\/apadariaportuguesa.pt\/wp-content\/uploads\/2022\/05\/PadariaPortuguesaRitz0367.jpg","twitter_misc":{"Est. reading time":"1 minute"},"schema":{"@context":"https:\/\/schema.org","@graph":[{"@type":"WebPage","@id":"https:\/\/apadariaportuguesa.pt\/en\/careers\/","url":"https:\/\/apadariaportuguesa.pt\/en\/careers\/","name":"Careers- A Padaria Portuguesa","isPartOf":{"@id":"https:\/\/apadariaportuguesa.pt\/#website"},"primaryImageOfPage":{"@id":"https:\/\/apadariaportuguesa.pt\/en\/careers\/#primaryimage"},"image":{"@id":"https:\/\/apadariaportuguesa.pt\/en\/careers\/#primaryimage"},"thumbnailUrl":"https:\/\/apadariaportuguesa.pt\/wp-content\/uploads\/2025\/01\/banner_oportunidades.png","datePublished":"2022-05-19T12:19:08+00:00","dateModified":"2023-05-10T16:50:19+00:00","description":"A grande fam\u00edlia d'A Padaria Portuguesa est\u00e1 organizada em 4 fam\u00edlias mais pequenas, cada uma com as suas pr\u00f3prias fun\u00e7\u00f5es, mas todas interdependentes. S\u00e3o elas a Sede - na Rua Barata Salgueiro -, o Centro Log\u00edstico - na Matinha -, a F\u00e1brica - em Marvila -, e as Lojas - mais de 50 espalhadas pela grande Lisboa.","breadcrumb":{"@id":"https:\/\/apadariaportuguesa.pt\/en\/careers\/#breadcrumb"},"inLanguage":"en-US","potentialAction":[{"@type":"ReadAction","target":["https:\/\/apadariaportuguesa.pt\/en\/careers\/"]}]},{"@type":"ImageObject","inLanguage":"en-US","@id":"https:\/\/apadariaportuguesa.pt\/en\/careers\/#primaryimage","url":"https:\/\/apadariaportuguesa.pt\/wp-content\/uploads\/2025\/01\/banner_oportunidades.png","contentUrl":"https:\/\/apadariaportuguesa.pt\/wp-content\/uploads\/2025\/01\/banner_oportunidades.png","width":2000,"height":725},{"@type":"BreadcrumbList","@id":"https:\/\/apadariaportuguesa.pt\/en\/careers\/#breadcrumb","itemListElement":[{"@type":"ListItem","position":1,"name":"Home","item":"https:\/\/apadariaportuguesa.pt\/en\/"},{"@type":"ListItem","position":2,"name":"Careers &#8211; A Padaria Portuguesa"}]},{"@type":"WebSite","@id":"https:\/\/apadariaportuguesa.pt\/#website","url":"https:\/\/apadariaportuguesa.pt\/","name":"A Padaria Portuguesa","description":"","publisher":{"@id":"https:\/\/apadariaportuguesa.pt\/#organization"},"potentialAction":[{"@type":"SearchAction","target":{"@type":"EntryPoint","urlTemplate":"https:\/\/apadariaportuguesa.pt\/?s={search_term_string}"},"query-input":{"@type":"PropertyValueSpecification","valueRequired":true,"valueName":"search_term_string"}}],"inLanguage":"en-US"},{"@type":"Organization","@id":"https:\/\/apadariaportuguesa.pt\/#organization","name":"A Padaria Portuguesa","url":"https:\/\/apadariaportuguesa.pt\/","logo":{"@type":"ImageObject","inLanguage":"en-US","@id":"https:\/\/apadariaportuguesa.pt\/#\/schema\/logo\/image\/","url":"https:\/\/apadariaportuguesa.pt\/wp-content\/uploads\/2022\/05\/share.jpg","contentUrl":"https:\/\/apadariaportuguesa.pt\/wp-content\/uploads\/2022\/05\/share.jpg","width":1200,"height":630,"caption":"A Padaria Portuguesa"},"image":{"@id":"https:\/\/apadariaportuguesa.pt\/#\/schema\/logo\/image\/"},"sameAs":["https:\/\/www.facebook.com\/apadariaportuguesa\/","https:\/\/www.instagram.com\/apadariaportuguesa\/","https:\/\/pt.linkedin.com\/company\/apadariaportuguesa"]}]}},"_links":{"self":[{"href":"https:\/\/apadariaportuguesa.pt\/en\/wp-json\/wp\/v2\/pages\/20552","targetHints":{"allow":["GET"]}}],"collection":[{"href":"https:\/\/apadariaportuguesa.pt\/en\/wp-json\/wp\/v2\/pages"}],"about":[{"href":"https:\/\/apadariaportuguesa.pt\/en\/wp-json\/wp\/v2\/types\/page"}],"author":[{"embeddable":true,"href":"https:\/\/apadariaportuguesa.pt\/en\/wp-json\/wp\/v2\/users\/1"}],"replies":[{"embeddable":true,"href":"https:\/\/apadariaportuguesa.pt\/en\/wp-json\/wp\/v2\/comments?post=20552"}],"version-history":[{"count":0,"href":"https:\/\/apadariaportuguesa.pt\/en\/wp-json\/wp\/v2\/pages\/20552\/revisions"}],"wp:featuredmedia":[{"embeddable":true,"href":"https:\/\/apadariaportuguesa.pt\/en\/wp-json\/wp\/v2\/media\/55460"}],"wp:attachment":[{"href":"https:\/\/apadariaportuguesa.pt\/en\/wp-json\/wp\/v2\/media?parent=20552"}],"curies":[{"name":"wp","href":"https:\/\/api.w.org\/{rel}","templated":true}]}}